{"id":3277,"date":"2023-03-17T15:03:38","date_gmt":"2023-03-17T15:03:38","guid":{"rendered":"https:\/\/curious-zinc.localsite.io\/en\/?page_id=2917"},"modified":"2023-06-16T11:15:12","modified_gmt":"2023-06-16T11:15:12","slug":"aboutus","status":"publish","type":"page","link":"https:\/\/www.artys.it\/it\/aboutus\/","title":{"rendered":"<p>CHI SIAMO<\/p>"},"content":{"rendered":"<div id=\"pl-3277\" class=\"panel-layout\"><div id=\"pg-3277-0\" class=\"panel-grid panel-has-style\"><div class=\"siteorigin-panels-stretch panel-row-style panel-row-style-for-3277-0\" data-stretch-type=\"full\"><div id=\"pgc-3277-0-0\" class=\"panel-grid-cell\"><div id=\"panel-3277-0-0-0\" class=\"so-panel widget widget_sow-editor panel-first-child panel-last-child\" data-index=\"0\"><div class=\"so-widget-sow-editor so-widget-sow-editor-base\">\n<div class=\"siteorigin-widget-tinymce textwidget\">\n\t<div class=\"about-hero\">\n<p class=\"subtitle\"> CHI SIAMO <\/p>\n<h2>TUTTO \u00c8 INIZIATO IN UN GIORNO DI PIOGGIA\u2026 (SPOILER ALERT: IL FINALE NON \u00c8 ROMANTICO, MA POTREBBE PIACERTI).<\/h2>\n<\/div>\n<\/div>\n<\/div><\/div><\/div><\/div><\/div><div id=\"pg-3277-1\" class=\"panel-grid panel-has-style\"><div class=\"siteorigin-panels-stretch panel-row-style panel-row-style-for-3277-1\" data-stretch-type=\"full\"><div id=\"pgc-3277-1-0\" class=\"panel-grid-cell\"><div id=\"panel-3277-1-0-0\" class=\"so-panel widget widget_sow-editor panel-first-child panel-last-child\" data-index=\"1\"><div class=\"so-widget-sow-editor so-widget-sow-editor-base\">\n<div class=\"siteorigin-widget-tinymce textwidget\">\n\t<p class=\" translation-block\"><img loading=\"lazy\" class=\"alignleft wp-image-124 size-medium\" src=\"http:\/\/www.artys.it\/wp-content\/uploads\/2023\/02\/logo-artys-no-tagline-1024x769-1-300x225.jpg\" alt=\"\" width=\"300\" height=\"225\">La pioggia \u00e8 geniale, la pioggia \u00e8 tremenda. Beh, messa cos\u00ec non \u00e8 semplice. Alcuni potrebbero saltar fuori con le ipotesi romantiche, tipo<em> \u201cAl\u00e8, coccole sul divano davanti alla TV!\u201d<\/em>. Giusto? No.<\/p>\n<p class=\" translation-block\">Ecco un fatto: a seconda dell\u2019intensit\u00e0 delle precipitazioni, il segnale televisivo diventa <span class=\"highlight2\">sempre pi\u00f9 debole.<\/span> E se poi sei solo e tutto quello che volevi, in realt\u00e0 era la tua birra ghiacciata e la partita sulla pay-TV? Dirai, almeno puoi ancora berti la tua birra. Uhm s\u00ec. Ok.<\/p>\n<p class=\" translation-block\">Beh, insomma, ci siamo passati tutti. Sul serio, <span class=\"highlight2\">noi ci siamo stati, su quel divano.<\/span> Non avevamo nessuna partita da guardare, nessuna dolce met\u00e0 accanto in quel momento e neppure una birra (s\u00ec, lo sappiamo\u2026 un disastro). Per\u00f2 abbiamo iniziato a riflettere seriamente su questa faccenda del segnale satellitare. <span class=\"highlight2\"><b>Smart Rainfall System<\/b> \u00e8 nato cos\u00ec.<\/span><\/p>\n<p class=\" translation-block\">Scherzi a parte, le nostre riflessioni ci hanno portati lontano. Abbiamo fondato la nostra startup,<strong> Artys,<\/strong> nel 2014, dopo un\u2019attiva collaborazione con <a href=\"https:\/\/www.darts.it\/#about\" target=\"_blank\" rel=\"noreferrer noopener\"><strong style=\"color:#0090DA\">Darts <br>Engineering <\/strong><\/a>e i dipartimenti <a href=\"http:\/\/www.diten.unige.it\/index.php?lang=it\" target=\"_blank\" rel=\"noreferrer noopener\"><strong style=\"color:#0090DA\">DITEN<\/strong><\/a> e <a href=\"https:\/\/dicca.unige.it\/\" target=\"_blank\" rel=\"noreferrer noopener\"><strong style=\"color:#0090DA\">DICCA<\/strong><\/a> dell\u2019Universit\u00e0 di Genova. Non per altro siamo stati uno spin-off dell\u2019universit\u00e0 fino a giugno 2021.<\/p>\n<p class=\" translation-block\">Il nostro<strong> sistema di monitoraggio delle precipitazioni real time e in HD<\/strong> \u00e8 la prima pietra miliare della nostra azienda. Abbiamo un\u2019idea concreta di cosa significhi affrontare un\u2019alluvione. La ragione per cui eravamo seduti su quel divano \u00e8 che abbiamo sentito <strong>il dovere di unire le nostre competenze interdisciplinari<\/strong> per sviluppare una soluzione<strong> funzionale, rilevante e davvero innovativa nel monitoraggio delle piogge.<\/strong><\/p>\n<p class=\" translation-block\">Ci siamo riusciti. E \u00a0\u00a0<span class=\"highlight2\">non ci occupiamo solo di questo.<\/span><\/p>\n<p class=\" translation-block\">La nostra azienda si occupa di trovare soluzioni ad alta tecnologia per il monitoraggio ambientale e per la gestione dei rischi idrogeologici Proponiamo, per fare un esempio, anche soluzioni per il controllo del livello dei fiumi e delle frane.<span class=\"highlight2\"> La nostra missione la abbiamo chiara<\/span>. Non solo grazie al nostro divano.<\/p>\n<p>Ora, lascia che ci presentiamo:<\/p>\n<\/div>\n<\/div><\/div><\/div><\/div><\/div><div id=\"pg-3277-2\" class=\"panel-grid panel-has-style\"><div class=\"about-member siteorigin-panels-stretch panel-row-style panel-row-style-for-3277-2\" data-stretch-type=\"full\"><div id=\"pgc-3277-2-0\" class=\"panel-grid-cell\"><div class=\"image-block panel-cell-style panel-cell-style-for-3277-2-0\"><div id=\"panel-3277-2-0-0\" class=\"so-panel widget widget_sow-image panel-first-child\" data-index=\"2\"><div class=\"image-area panel-widget-style panel-widget-style-for-3277-2-0-0\"><div class=\"so-widget-sow-image so-widget-sow-image-default-a5258576d588-3277\">\n\n<div class=\"sow-image-container\">\n\t\t<img decoding=\"async\" src=\"https:\/\/www.artys.it\/wp-content\/uploads\/2023\/02\/alessandro_delucchi_nopunto_1024x1024-768x768.jpg\" width=\"450\" height=\"450\" srcset=\"https:\/\/www.artys.it\/wp-content\/uploads\/2023\/02\/alessandro_delucchi_nopunto_1024x1024-768x768.jpg 768w, https:\/\/www.artys.it\/wp-content\/uploads\/2023\/02\/alessandro_delucchi_nopunto_1024x1024-300x300.jpg 300w, https:\/\/www.artys.it\/wp-content\/uploads\/2023\/02\/alessandro_delucchi_nopunto_1024x1024-150x150.jpg 150w, https:\/\/www.artys.it\/wp-content\/uploads\/2023\/02\/alessandro_delucchi_nopunto_1024x1024.jpg 1024w\" sizes=\"auto, (max-width: 450px) 100vw, 450px\" alt=\"\" loading=\"lazy\" class=\"so-widget-image\">\n\t<\/div>\n\n<\/div><\/div><\/div><div id=\"panel-3277-2-0-1\" class=\"so-panel widget widget_mo-social-list panel-last-child\" data-index=\"3\"><div class=\"linkedin-icon-ad panel-widget-style panel-widget-style-for-3277-2-0-1\"><div class=\"so-widget-mo-social-list so-widget-mo-social-list-default-d75171398898-3277\"><ul class=\"social-list clearfix\"><li><a class=\"linkedin\" href=\"https:\/\/www.linkedin.com\/in\/alessandro-delucchi-a885323\/?locale=it_IT\" target=\"_blank\" title=\"View LinkedIn Profile\"><i class=\"icon-linkedin\"><\/i><\/a><\/li><\/ul><\/div><\/div><\/div><\/div><\/div><div id=\"pgc-3277-2-1\" class=\"panel-grid-cell\"><div class=\"image-block panel-cell-style panel-cell-style-for-3277-2-1\"><div id=\"panel-3277-2-1-0\" class=\"so-panel widget widget_sow-editor panel-first-child panel-last-child\" data-index=\"4\"><div class=\"so-widget-sow-editor so-widget-sow-editor-base\">\n<div class=\"siteorigin-widget-tinymce textwidget\">\n\t<h3>Alessandro Delucchi<\/h3>\n<p class=\"employee-title\">CO-FOUNDER &amp; CEO<\/p>\n<p>Dirigente esperto, con capacit\u00e0 di leadership e forte background tecnico, \u00e8 co-fondatore e amministratore di Artys e DARTS Engineering, una societ\u00e0 di consulenza ICT.<br>\nHa pi\u00f9 di 20 anni di esperienza nell\u2019ingegneria del software e nella gestione di progetti come consulente esterno e direttore IT .<br>\nResponsabile della progettazione delle soluzioni e della leadership tecnica per team che variano da 5 a 15 membri, \u00e8 appassionato di innovazione e nuove tecnologie.<\/p>\n<\/div>\n<\/div><\/div><\/div><\/div><\/div><\/div><div id=\"pg-3277-3\" class=\"panel-grid panel-has-style\"><div class=\"about-member d-md-none siteorigin-panels-stretch panel-row-style panel-row-style-for-3277-3\" data-stretch-type=\"full\"><div id=\"pgc-3277-3-0\" class=\"panel-grid-cell\"><div class=\"image-block panel-cell-style panel-cell-style-for-3277-3-0\"><div id=\"panel-3277-3-0-0\" class=\"so-panel widget widget_sow-editor panel-first-child panel-last-child\" data-index=\"5\"><div class=\"so-widget-sow-editor so-widget-sow-editor-base\">\n<div class=\"siteorigin-widget-tinymce textwidget\">\n\t<h3>Matteo Colli<\/h3>\n<p class=\"employee-title\">CTO \/\/ RAINFALL RETRIEVAL &amp; HYDROLOGICAL MODELS<\/p>\n<p>Dopo aver conseguito il dottorato in fluido-dinamica e processi dell\u2019ingegneria ambientale, ha collaborato con i Dipartimenti DICCA e DITEN di UNIGE e il laboratorio della World Meteorological Organization \u2013 WMO \u201cB.Castelli\u201d, centro di eccellenza sull\u2019intensit\u00e0 di pioggia. Si occupa dello sviluppo di metodi di now-casting dei rischi idro-geologici, di monitoraggio ambientale e di fluido-dinamica computazionale.<\/p>\n<\/div>\n<\/div><\/div><\/div><\/div><div id=\"pgc-3277-3-1\" class=\"panel-grid-cell\"><div class=\"image-block panel-cell-style panel-cell-style-for-3277-3-1\"><div id=\"panel-3277-3-1-0\" class=\"so-panel widget widget_sow-image panel-first-child\" data-index=\"6\"><div class=\"image-area panel-widget-style panel-widget-style-for-3277-3-1-0\"><div class=\"so-widget-sow-image so-widget-sow-image-default-2ec334f0a340-3277\">\n\n<div class=\"sow-image-container\">\n\t\t<img decoding=\"async\" src=\"https:\/\/www.artys.it\/wp-content\/uploads\/2023\/02\/matteo_colli_nopunto_1024x1024-768x768.jpg\" width=\"450\" height=\"450\" srcset=\"https:\/\/www.artys.it\/wp-content\/uploads\/2023\/02\/matteo_colli_nopunto_1024x1024-768x768.jpg 768w, https:\/\/www.artys.it\/wp-content\/uploads\/2023\/02\/matteo_colli_nopunto_1024x1024-300x300.jpg 300w, https:\/\/www.artys.it\/wp-content\/uploads\/2023\/02\/matteo_colli_nopunto_1024x1024-150x150.jpg 150w, https:\/\/www.artys.it\/wp-content\/uploads\/2023\/02\/matteo_colli_nopunto_1024x1024.jpg 1024w\" sizes=\"auto, (max-width: 450px) 100vw, 450px\" alt=\"\" loading=\"lazy\" class=\"so-widget-image\">\n\t<\/div>\n\n<\/div><\/div><\/div><div id=\"panel-3277-3-1-1\" class=\"so-panel widget widget_mo-social-list panel-last-child\" data-index=\"7\"><div class=\"linkedin-icon-mc panel-widget-style panel-widget-style-for-3277-3-1-1\"><div class=\"so-widget-mo-social-list so-widget-mo-social-list-default-d75171398898-3277\"><ul class=\"social-list clearfix\"><li><a class=\"linkedin\" href=\"https:\/\/www.linkedin.com\/in\/matteo-colli-49646356\/\" target=\"_blank\" title=\"View LinkedIn Profile\"><i class=\"icon-linkedin\"><\/i><\/a><\/li><\/ul><\/div><\/div><\/div><\/div><\/div><\/div><\/div><div id=\"pg-3277-4\" class=\"panel-grid panel-has-style\"><div class=\"about-member about-member-mobile siteorigin-panels-stretch panel-row-style panel-row-style-for-3277-4\" data-stretch-type=\"full\"><div id=\"pgc-3277-4-0\" class=\"panel-grid-cell\"><div class=\"image-block panel-cell-style panel-cell-style-for-3277-4-0\"><div id=\"panel-3277-4-0-0\" class=\"so-panel widget widget_sow-image panel-first-child\" data-index=\"8\"><div class=\"image-area panel-widget-style panel-widget-style-for-3277-4-0-0\"><div class=\"so-widget-sow-image so-widget-sow-image-default-2ec334f0a340-3277\">\n\n<div class=\"sow-image-container\">\n\t\t<img decoding=\"async\" src=\"https:\/\/www.artys.it\/wp-content\/uploads\/2023\/02\/alessandro_delucchi_nopunto_1024x1024-768x768.jpg\" width=\"450\" height=\"450\" srcset=\"https:\/\/www.artys.it\/wp-content\/uploads\/2023\/02\/alessandro_delucchi_nopunto_1024x1024-768x768.jpg 768w, https:\/\/www.artys.it\/wp-content\/uploads\/2023\/02\/alessandro_delucchi_nopunto_1024x1024-300x300.jpg 300w, https:\/\/www.artys.it\/wp-content\/uploads\/2023\/02\/alessandro_delucchi_nopunto_1024x1024-150x150.jpg 150w, https:\/\/www.artys.it\/wp-content\/uploads\/2023\/02\/alessandro_delucchi_nopunto_1024x1024.jpg 1024w\" sizes=\"auto, (max-width: 450px) 100vw, 450px\" alt=\"\" loading=\"lazy\" class=\"so-widget-image\">\n\t<\/div>\n\n<\/div><\/div><\/div><div id=\"panel-3277-4-0-1\" class=\"so-panel widget widget_mo-social-list panel-last-child\" data-index=\"9\"><div class=\"linkedin-icon-mc panel-widget-style panel-widget-style-for-3277-4-0-1\"><div class=\"so-widget-mo-social-list so-widget-mo-social-list-default-d75171398898-3277\"><ul class=\"social-list clearfix\"><li><a class=\"linkedin\" href=\"http:\/\/www.linkedin.com\" target=\"_blank\" title=\"View LinkedIn Profile\"><i class=\"icon-linkedin\"><\/i><\/a><\/li><\/ul><\/div><\/div><\/div><\/div><\/div><div id=\"pgc-3277-4-1\" class=\"panel-grid-cell\"><div class=\"image-block panel-cell-style panel-cell-style-for-3277-4-1\"><div id=\"panel-3277-4-1-0\" class=\"so-panel widget widget_sow-editor panel-first-child panel-last-child\" data-index=\"10\"><div class=\"so-widget-sow-editor so-widget-sow-editor-base\">\n<div class=\"siteorigin-widget-tinymce textwidget\">\n\t<h3>Matteo Colli<\/h3>\n<p class=\"employee-title\">CTO \/\/ RAINFALL RETRIEVAL &amp; HYDROLOGICAL MODELS<\/p>\n<p>Dopo aver conseguito il dottorato in fluido-dinamica e processi dell\u2019ingegneria ambientale, ha collaborato con i Dipartimenti DICCA e DITEN di UNIGE e il laboratorio della World Meteorological Organization \u2013 WMO \u201cB.Castelli\u201d, centro di eccellenza sull\u2019intensit\u00e0 di pioggia. Si occupa dello sviluppo di metodi di now-casting dei rischi idro-geologici, di monitoraggio ambientale e di fluido-dinamica computazionale.<\/p>\n<\/div>\n<\/div><\/div><\/div><\/div><\/div><\/div><\/div>","protected":false},"excerpt":{"rendered":"<p>About us IT ALL BEGAN ON A VERY RAINY DAY. (SPOILER ALERT: IT?S NOT ROMANTIC, BUT YOU MAY LIKE IT). Rain is cool, rain is uncool. Well, that?s a tough topic. Some may bring up the romantic argument: ?Yay, it?s snuggle time on the couch with your significant other in front of the TV!?. Right? [&hellip;]<\/p>","protected":false},"author":1,"featured_media":0,"parent":0,"menu_order":0,"comment_status":"closed","ping_status":"closed","template":"template-1c.php","meta":{"footnotes":""},"class_list":["post-3277","page","type-page","status-publish","hentry"],"yoast_head":"<!-- This site is optimized with the Yoast SEO plugin v20.1 - https:\/\/yoast.com\/wordpress\/plugins\/seo\/ -->\n<title>ABOUT US - artys<\/title>\n<meta name=\"robots\" content=\"index, follow, max-snippet:-1, max-image-preview:large, max-video-preview:-1\" \/>\n<link rel=\"canonical\" href=\"https:\/\/www.artys.it\/it\/aboutus\/\" \/>\n<meta property=\"og:locale\" content=\"it_IT\" \/>\n<meta property=\"og:type\" content=\"article\" \/>\n<meta property=\"og:title\" content=\"ABOUT US - artys\" \/>\n<meta property=\"og:description\" content=\"About us IT ALL BEGAN ON A VERY RAINY DAY. (SPOILER ALERT: IT\u2019S NOT ROMANTIC, BUT YOU MAY LIKE IT). Rain is cool, rain is uncool. Well, that\u2019s a tough topic. Some may bring up the romantic argument: \u201cYay, it\u2019s snuggle time on the couch with your significant other in front of the TV!\u201d. Right? [&hellip;]\" \/>\n<meta property=\"og:url\" content=\"https:\/\/www.artys.it\/it\/aboutus\/\" \/>\n<meta property=\"og:site_name\" content=\"artys\" \/>\n<meta property=\"article:modified_time\" content=\"2023-06-16T11:15:12+00:00\" \/>\n<meta property=\"og:image\" content=\"http:\/\/www.artys.it\/wp-content\/uploads\/2023\/02\/logo-artys-no-tagline-1024x769-1-300x225.jpg\" \/>\n<meta name=\"twitter:card\" content=\"summary_large_image\" \/>\n<meta name=\"twitter:label1\" content=\"Tempo di lettura stimato\" \/>\n\t<meta name=\"twitter:data1\" content=\"3 minuti\" \/>\n<script type=\"application\/ld+json\" class=\"yoast-schema-graph\">{\"@context\":\"https:\/\/schema.org\",\"@graph\":[{\"@type\":\"WebPage\",\"@id\":\"https:\/\/www.artys.it\/aboutus\/\",\"url\":\"https:\/\/www.artys.it\/aboutus\/\",\"name\":\"ABOUT US - artys\",\"isPartOf\":{\"@id\":\"https:\/\/www.artys.it\/en\/#website\"},\"datePublished\":\"2023-03-17T15:03:38+00:00\",\"dateModified\":\"2023-06-16T11:15:12+00:00\",\"breadcrumb\":{\"@id\":\"https:\/\/www.artys.it\/aboutus\/#breadcrumb\"},\"inLanguage\":\"it-IT\",\"potentialAction\":[{\"@type\":\"ReadAction\",\"target\":[\"https:\/\/www.artys.it\/aboutus\/\"]}]},{\"@type\":\"BreadcrumbList\",\"@id\":\"https:\/\/www.artys.it\/aboutus\/#breadcrumb\",\"itemListElement\":[{\"@type\":\"ListItem\",\"position\":1,\"name\":\"Home\",\"item\":\"https:\/\/www.artys.it\/\"},{\"@type\":\"ListItem\",\"position\":2,\"name\":\"ABOUT US\"}]},{\"@type\":\"WebSite\",\"@id\":\"https:\/\/www.artys.it\/en\/#website\",\"url\":\"https:\/\/www.artys.it\/en\/\",\"name\":\"artys\",\"description\":\"\",\"potentialAction\":[{\"@type\":\"SearchAction\",\"target\":{\"@type\":\"EntryPoint\",\"urlTemplate\":\"https:\/\/www.artys.it\/en\/?s={search_term_string}\"},\"query-input\":\"required name=search_term_string\"}],\"inLanguage\":\"it-IT\"}]}<\/script>\n<!-- \/ Yoast SEO plugin. -->","yoast_head_json":{"title":"ABOUT US - artys","robots":{"index":"index","follow":"follow","max-snippet":"max-snippet:-1","max-image-preview":"max-image-preview:large","max-video-preview":"max-video-preview:-1"},"canonical":"https:\/\/www.artys.it\/it\/aboutus\/","og_locale":"it_IT","og_type":"article","og_title":"ABOUT US - artys","og_description":"About us IT ALL BEGAN ON A VERY RAINY DAY. (SPOILER ALERT: IT\u2019S NOT ROMANTIC, BUT YOU MAY LIKE IT). Rain is cool, rain is uncool. Well, that\u2019s a tough topic. Some may bring up the romantic argument: \u201cYay, it\u2019s snuggle time on the couch with your significant other in front of the TV!\u201d. Right? [&hellip;]","og_url":"https:\/\/www.artys.it\/it\/aboutus\/","og_site_name":"artys","article_modified_time":"2023-06-16T11:15:12+00:00","og_image":[{"url":"http:\/\/www.artys.it\/wp-content\/uploads\/2023\/02\/logo-artys-no-tagline-1024x769-1-300x225.jpg"}],"twitter_card":"summary_large_image","twitter_misc":{"Tempo di lettura stimato":"3 minuti"},"schema":{"@context":"https:\/\/schema.org","@graph":[{"@type":"WebPage","@id":"https:\/\/www.artys.it\/aboutus\/","url":"https:\/\/www.artys.it\/aboutus\/","name":"ABOUT US - artys","isPartOf":{"@id":"https:\/\/www.artys.it\/en\/#website"},"datePublished":"2023-03-17T15:03:38+00:00","dateModified":"2023-06-16T11:15:12+00:00","breadcrumb":{"@id":"https:\/\/www.artys.it\/aboutus\/#breadcrumb"},"inLanguage":"it-IT","potentialAction":[{"@type":"ReadAction","target":["https:\/\/www.artys.it\/aboutus\/"]}]},{"@type":"BreadcrumbList","@id":"https:\/\/www.artys.it\/aboutus\/#breadcrumb","itemListElement":[{"@type":"ListItem","position":1,"name":"Home","item":"https:\/\/www.artys.it\/"},{"@type":"ListItem","position":2,"name":"ABOUT US"}]},{"@type":"WebSite","@id":"https:\/\/www.artys.it\/en\/#website","url":"https:\/\/www.artys.it\/en\/","name":"artys","description":"","potentialAction":[{"@type":"SearchAction","target":{"@type":"EntryPoint","urlTemplate":"https:\/\/www.artys.it\/en\/?s={search_term_string}"},"query-input":"required name=search_term_string"}],"inLanguage":"it-IT"}]}},"_links":{"self":[{"href":"https:\/\/www.artys.it\/it\/wp-json\/wp\/v2\/pages\/3277","targetHints":{"allow":["GET"]}}],"collection":[{"href":"https:\/\/www.artys.it\/it\/wp-json\/wp\/v2\/pages"}],"about":[{"href":"https:\/\/www.artys.it\/it\/wp-json\/wp\/v2\/types\/page"}],"author":[{"embeddable":true,"href":"https:\/\/www.artys.it\/it\/wp-json\/wp\/v2\/users\/1"}],"replies":[{"embeddable":true,"href":"https:\/\/www.artys.it\/it\/wp-json\/wp\/v2\/comments?post=3277"}],"version-history":[{"count":33,"href":"https:\/\/www.artys.it\/it\/wp-json\/wp\/v2\/pages\/3277\/revisions"}],"predecessor-version":[{"id":5084,"href":"https:\/\/www.artys.it\/it\/wp-json\/wp\/v2\/pages\/3277\/revisions\/5084"}],"wp:attachment":[{"href":"https:\/\/www.artys.it\/it\/wp-json\/wp\/v2\/media?parent=3277"}],"curies":[{"name":"wp","href":"https:\/\/api.w.org\/{rel}","templated":true}]}}